{"id":2,"date":"2016-05-10T03:48:21","date_gmt":"2016-05-10T03:48:21","guid":{"rendered":"http:\/\/potentiale.cvjm-sn.de\/?page_id=2"},"modified":"2022-07-22T16:24:40","modified_gmt":"2022-07-22T16:24:40","slug":"sample-page","status":"publish","type":"page","link":"https:\/\/potentiale.cvjm-sn.de\/","title":{"rendered":""},"content":{"rendered":"<p><strong>Erweiterte Angebote<\/strong> ab Oktober 2019 &#8211; die Termine werden rechtzeitig bekannt gegeben:<\/p>\n<ul>\n<li><a href=\"https:\/\/potentiale.cvjm-sn.de\/?page_id=392\">\u201eAnti-Aggro\u201c<\/a><\/li>\n<li><a href=\"https:\/\/potentiale.cvjm-sn.de\/?page_id=397\">&#8222;DJ-Workshop&#8220;<\/a><\/li>\n<li><a href=\"https:\/\/potentiale.cvjm-sn.de\/?page_id=399\">&#8222;Erlebnisnachmittag mit Tieren&#8220;<\/a><\/li>\n<li><a href=\"https:\/\/potentiale.cvjm-sn.de\/?page_id=409\">&#8222;Kreativ-Workshop&#8220;<\/a><\/li>\n<li><a href=\"https:\/\/potentiale.cvjm-sn.de\/?page_id=412\">&#8222;Mobile Werkstatt&#8220;<\/a><\/li>\n<li><a href=\"https:\/\/potentiale.cvjm-sn.de\/?page_id=415\">&#8222;Tanzen&#8220;<\/a><\/li>\n<li><a href=\"https:\/\/potentiale.cvjm-sn.de\/?page_id=417\">&#8222;Themennachmittage&#8220;<\/a><\/li>\n<\/ul>\n<p>&gt;&gt;<a href=\"https:\/\/potentiale.cvjm-sn.de\/?page_id=15\"> alle Angebote im \u00dcberblick<\/a><\/p>\n<hr \/>\n<p><img loading=\"lazy\" decoding=\"async\" class=\"size-medium wp-image-207 aligncenter\" src=\"https:\/\/potentiale.cvjm-sn.de\/wp-content\/uploads\/2019\/02\/20190204_150919-e1577091806572-225x300.jpg\" alt=\"\" width=\"225\" height=\"300\" srcset=\"https:\/\/potentiale.cvjm-sn.de\/wp-content\/uploads\/2019\/02\/20190204_150919-e1577091806572-225x300.jpg 225w, https:\/\/potentiale.cvjm-sn.de\/wp-content\/uploads\/2019\/02\/20190204_150919-e1577091806572-768x1024.jpg 768w, https:\/\/potentiale.cvjm-sn.de\/wp-content\/uploads\/2019\/02\/20190204_150919-e1577091806572-624x832.jpg 624w\" sizes=\"auto, (max-width: 225px) 100vw, 225px\" \/><\/p>\n<p style=\"text-align: center;\">Ab Oktober 2019 stehen neue Angebote im Rahmen dieses Projektes zur Verf\u00fcgung. Unter Anderem wird es Erlebnisnachmittage mit Tieren und eine mobile Werkstatt geben.<br \/>\n<strong>Der CVJM Schneeberg-Neust\u00e4dtel e. V. arbeitet hierbei eng mit der\u00a0<a href=\"https:\/\/www.bergstadt-schneeberg.de\/\" target=\"_blank\" rel=\"noopener\">Bergstadt Schneeberg<\/a>\u00a0zusammen.\u00a0Ziel ist es, Menschen in ihrer Lebenssituation abzuholen, Vertrauen aufzubauen, Netzwerke zu f\u00f6rdern sowie Beratung, passgenaue Kurse und Workshops anzubieten.<\/strong><\/p>\n","protected":false},"excerpt":{"rendered":"<p>Erweiterte Angebote ab Oktober 2019 &#8211; die Termine werden rechtzeitig bekannt gegeben: \u201eAnti-Aggro\u201c &#8222;DJ-Workshop&#8220; &#8222;Erlebnisnachmittag mit Tieren&#8220; &#8222;Kreativ-Workshop&#8220; &#8222;Mobile Werkstatt&#8220; &#8222;Tanzen&#8220; &#8222;Themennachmittage&#8220; &gt;&gt; alle Angebote im \u00dcberblick Ab Oktober 2019 stehen neue Angebote im Rahmen dieses Projektes zur Verf\u00fcgung. Unter Anderem wird es Erlebnisnachmittage mit Tieren und eine mobile Werkstatt geben. Der CVJM Schneeberg-Neust\u00e4dtel e. [&hellip;]<\/p>\n","protected":false},"author":1,"featured_media":0,"parent":0,"menu_order":0,"comment_status":"closed","ping_status":"open","template":"","meta":{"footnotes":""},"class_list":["post-2","page","type-page","status-publish","hentry","gallery-content-unit"],"_links":{"self":[{"href":"https:\/\/potentiale.cvjm-sn.de\/index.php?rest_route=\/wp\/v2\/pages\/2","targetHints":{"allow":["GET"]}}],"collection":[{"href":"https:\/\/potentiale.cvjm-sn.de\/index.php?rest_route=\/wp\/v2\/pages"}],"about":[{"href":"https:\/\/potentiale.cvjm-sn.de\/index.php?rest_route=\/wp\/v2\/types\/page"}],"author":[{"embeddable":true,"href":"https:\/\/potentiale.cvjm-sn.de\/index.php?rest_route=\/wp\/v2\/users\/1"}],"replies":[{"embeddable":true,"href":"https:\/\/potentiale.cvjm-sn.de\/index.php?rest_route=%2Fwp%2Fv2%2Fcomments&post=2"}],"version-history":[{"count":48,"href":"https:\/\/potentiale.cvjm-sn.de\/index.php?rest_route=\/wp\/v2\/pages\/2\/revisions"}],"predecessor-version":[{"id":548,"href":"https:\/\/potentiale.cvjm-sn.de\/index.php?rest_route=\/wp\/v2\/pages\/2\/revisions\/548"}],"wp:attachment":[{"href":"https:\/\/potentiale.cvjm-sn.de\/index.php?rest_route=%2Fwp%2Fv2%2Fmedia&parent=2"}],"curies":[{"name":"wp","href":"https:\/\/api.w.org\/{rel}","templated":true}]}}