{"id":254,"date":"2019-11-13T12:55:18","date_gmt":"2019-11-13T12:55:18","guid":{"rendered":"https:\/\/potentiale.cvjm-sn.de\/?page_id=254"},"modified":"2019-11-13T13:07:02","modified_gmt":"2019-11-13T13:07:02","slug":"projektuebergreifende-suche","status":"publish","type":"page","link":"https:\/\/potentiale.cvjm-sn.de\/?page_id=254","title":{"rendered":"Projekt\u00fcbergreifende Suche"},"content":{"rendered":"<p>Hier haben Sie die M\u00f6glichkeit, <strong>alle Webangebote des CVJM Schneeberg-Neust\u00e4dtel e. V.<\/strong> zu durchsuchen, um schnell Ihre gew\u00fcnschte Information zu finden.<\/p>\n<p>Bitte geben Sie Ihren <strong>Suchbegriff<\/strong> ein:<br \/>\n<script async src=\"https:\/\/cse.google.com\/cse.js?cx=006642527317345659398:jmrems50stv\"><\/script><\/p>\n<div class=\"gcse-search\" data-queryparametername=\"search\"><\/div>\n","protected":false},"excerpt":{"rendered":"<p>Hier haben Sie die M\u00f6glichkeit, alle Webangebote des CVJM Schneeberg-Neust\u00e4dtel e. V. zu durchsuchen, um schnell Ihre gew\u00fcnschte Information zu finden. Bitte geben Sie Ihren Suchbegriff ein:<\/p>\n","protected":false},"author":14,"featured_media":0,"parent":0,"menu_order":0,"comment_status":"closed","ping_status":"closed","template":"","meta":{"footnotes":""},"class_list":["post-254","page","type-page","status-publish","hentry","gallery-content-unit"],"_links":{"self":[{"href":"https:\/\/potentiale.cvjm-sn.de\/index.php?rest_route=\/wp\/v2\/pages\/254","targetHints":{"allow":["GET"]}}],"collection":[{"href":"https:\/\/potentiale.cvjm-sn.de\/index.php?rest_route=\/wp\/v2\/pages"}],"about":[{"href":"https:\/\/potentiale.cvjm-sn.de\/index.php?rest_route=\/wp\/v2\/types\/page"}],"author":[{"embeddable":true,"href":"https:\/\/potentiale.cvjm-sn.de\/index.php?rest_route=\/wp\/v2\/users\/14"}],"replies":[{"embeddable":true,"href":"https:\/\/potentiale.cvjm-sn.de\/index.php?rest_route=%2Fwp%2Fv2%2Fcomments&post=254"}],"version-history":[{"count":3,"href":"https:\/\/potentiale.cvjm-sn.de\/index.php?rest_route=\/wp\/v2\/pages\/254\/revisions"}],"predecessor-version":[{"id":260,"href":"https:\/\/potentiale.cvjm-sn.de\/index.php?rest_route=\/wp\/v2\/pages\/254\/revisions\/260"}],"wp:attachment":[{"href":"https:\/\/potentiale.cvjm-sn.de\/index.php?rest_route=%2Fwp%2Fv2%2Fmedia&parent=254"}],"curies":[{"name":"wp","href":"https:\/\/api.w.org\/{rel}","templated":true}]}}