{"id":395,"date":"2020-01-11T18:28:22","date_gmt":"2020-01-11T18:28:22","guid":{"rendered":"https:\/\/potentiale.cvjm-sn.de\/?page_id=395"},"modified":"2020-01-13T16:14:24","modified_gmt":"2020-01-13T16:14:24","slug":"breakdance","status":"publish","type":"page","link":"https:\/\/potentiale.cvjm-sn.de\/?page_id=395","title":{"rendered":"Breakdance"},"content":{"rendered":"<p>mit\u00a0<strong>Lukas Jordan<\/strong><\/p>\n<ul>\n<li>Freude am gemeinsamen Bewegen<\/li>\n<li>Erlernen von Grundschritten sogenannten Basics<\/li>\n<li>Einstudieren einer gemeinsamen Choreographie<\/li>\n<li>Kommunikationsf\u00e4higkeit entwickeln, sich in andere hineinversetzen<\/li>\n<li>Feedbackmethoden kennenlernen, loben und wertsch\u00e4tzen<\/li>\n<li>F\u00f6rderung nonverbaler Kommunikation<\/li>\n<\/ul>\n<hr \/>\n<p><strong>Anmeldungen<\/strong><a href=\"https:\/\/potentiale.cvjm-sn.de\/?page_id=17#anmeldung\"><strong>:<\/strong><\/a><\/p>\n<p>&gt;&gt;\u00a0<a href=\"https:\/\/potentiale.cvjm-sn.de\/?page_id=17#anmeldung\">Anmeldeformular<\/a><\/p>\n<p>&gt;&gt; <a href=\"https:\/\/potentiale.cvjm-sn.de\/?page_id=17#kmobiltelefon\">telefonische Anmeldungen<\/a><\/p>\n<hr \/>\n<p>&gt;&gt; <a href=\"https:\/\/termine.cvjm-sn.de\/?mcs=Breakdance\" target=\"_blank\" rel=\"noopener\">Termine<\/a><\/p>\n<hr \/>\n<p><a href=\"https:\/\/potentiale.cvjm-sn.de\/?page_id=15\">&lt;&lt; zur Kurs-\u00dcbersicht<\/a><\/p>\n<p>&nbsp;<\/p>\n","protected":false},"excerpt":{"rendered":"<p>mit\u00a0Lukas Jordan Freude am gemeinsamen Bewegen Erlernen von Grundschritten sogenannten Basics Einstudieren einer gemeinsamen Choreographie Kommunikationsf\u00e4higkeit entwickeln, sich in andere hineinversetzen Feedbackmethoden kennenlernen, loben und wertsch\u00e4tzen F\u00f6rderung nonverbaler Kommunikation Anmeldungen: &gt;&gt;\u00a0Anmeldeformular &gt;&gt; telefonische Anmeldungen &gt;&gt; Termine &lt;&lt; zur Kurs-\u00dcbersicht &nbsp;<\/p>\n","protected":false},"author":14,"featured_media":0,"parent":0,"menu_order":0,"comment_status":"closed","ping_status":"closed","template":"","meta":{"footnotes":""},"class_list":["post-395","page","type-page","status-publish","hentry","gallery-content-unit"],"_links":{"self":[{"href":"https:\/\/potentiale.cvjm-sn.de\/index.php?rest_route=\/wp\/v2\/pages\/395","targetHints":{"allow":["GET"]}}],"collection":[{"href":"https:\/\/potentiale.cvjm-sn.de\/index.php?rest_route=\/wp\/v2\/pages"}],"about":[{"href":"https:\/\/potentiale.cvjm-sn.de\/index.php?rest_route=\/wp\/v2\/types\/page"}],"author":[{"embeddable":true,"href":"https:\/\/potentiale.cvjm-sn.de\/index.php?rest_route=\/wp\/v2\/users\/14"}],"replies":[{"embeddable":true,"href":"https:\/\/potentiale.cvjm-sn.de\/index.php?rest_route=%2Fwp%2Fv2%2Fcomments&post=395"}],"version-history":[{"count":2,"href":"https:\/\/potentiale.cvjm-sn.de\/index.php?rest_route=\/wp\/v2\/pages\/395\/revisions"}],"predecessor-version":[{"id":425,"href":"https:\/\/potentiale.cvjm-sn.de\/index.php?rest_route=\/wp\/v2\/pages\/395\/revisions\/425"}],"wp:attachment":[{"href":"https:\/\/potentiale.cvjm-sn.de\/index.php?rest_route=%2Fwp%2Fv2%2Fmedia&parent=395"}],"curies":[{"name":"wp","href":"https:\/\/api.w.org\/{rel}","templated":true}]}}