{"id":397,"date":"2020-01-11T18:28:57","date_gmt":"2020-01-11T18:28:57","guid":{"rendered":"https:\/\/potentiale.cvjm-sn.de\/?page_id=397"},"modified":"2020-01-25T05:21:34","modified_gmt":"2020-01-25T05:21:34","slug":"dj-workshop","status":"publish","type":"page","link":"https:\/\/potentiale.cvjm-sn.de\/?page_id=397","title":{"rendered":"DJ-Workshop"},"content":{"rendered":"<p>mit\u00a0<strong>Andy Nikisch<\/strong><\/p>\n<ul>\n<li>Interesse f\u00fcr das Berufsfeld wecken<\/li>\n<li>Auseinandersetzung mit dem Thema Musik und Bild<\/li>\n<li>F\u00f6rderung der Kreativit\u00e4t<\/li>\n<li>Sich selbst ausprobieren k\u00f6nnen<\/li>\n<li>Hintergr\u00fcnde und Zusammenh\u00e4nge kennen und verstehen lernen<\/li>\n<\/ul>\n<p>&nbsp;<\/p>\n<hr \/>\n<p><strong>Anmeldungen<\/strong> k\u00f6nnen jederzeit gerne <a href=\"https:\/\/potentiale.cvjm-sn.de\/?page_id=17#anmeldung\">hier<\/a> vorgenommen werden.<\/p>\n<p>&gt;&gt; <a href=\"https:\/\/potentiale.cvjm-sn.de\/?page_id=17#kmobiltelefon\">telefonische Anmeldungen<\/a><\/p>\n<hr \/>\n<p>&gt;&gt; <a href=\"https:\/\/termine.cvjm-sn.de\/?mcs=DJ-Workshop\" target=\"_blank\" rel=\"noopener\">Termine<\/a><\/p>\n<hr \/>\n<p><a href=\"https:\/\/potentiale.cvjm-sn.de\/?page_id=15\">&lt;&lt; zur Kurs-\u00dcbersicht<\/a><\/p>\n<hr \/>\n","protected":false},"excerpt":{"rendered":"<p>mit\u00a0Andy Nikisch Interesse f\u00fcr das Berufsfeld wecken Auseinandersetzung mit dem Thema Musik und Bild F\u00f6rderung der Kreativit\u00e4t Sich selbst ausprobieren k\u00f6nnen Hintergr\u00fcnde und Zusammenh\u00e4nge kennen und verstehen lernen &nbsp; Anmeldungen k\u00f6nnen jederzeit gerne hier vorgenommen werden. &gt;&gt; telefonische Anmeldungen &gt;&gt; Termine &lt;&lt; zur Kurs-\u00dcbersicht<\/p>\n","protected":false},"author":14,"featured_media":0,"parent":0,"menu_order":0,"comment_status":"closed","ping_status":"closed","template":"","meta":{"footnotes":""},"class_list":["post-397","page","type-page","status-publish","hentry","gallery-content-unit"],"_links":{"self":[{"href":"https:\/\/potentiale.cvjm-sn.de\/index.php?rest_route=\/wp\/v2\/pages\/397","targetHints":{"allow":["GET"]}}],"collection":[{"href":"https:\/\/potentiale.cvjm-sn.de\/index.php?rest_route=\/wp\/v2\/pages"}],"about":[{"href":"https:\/\/potentiale.cvjm-sn.de\/index.php?rest_route=\/wp\/v2\/types\/page"}],"author":[{"embeddable":true,"href":"https:\/\/potentiale.cvjm-sn.de\/index.php?rest_route=\/wp\/v2\/users\/14"}],"replies":[{"embeddable":true,"href":"https:\/\/potentiale.cvjm-sn.de\/index.php?rest_route=%2Fwp%2Fv2%2Fcomments&post=397"}],"version-history":[{"count":4,"href":"https:\/\/potentiale.cvjm-sn.de\/index.php?rest_route=\/wp\/v2\/pages\/397\/revisions"}],"predecessor-version":[{"id":454,"href":"https:\/\/potentiale.cvjm-sn.de\/index.php?rest_route=\/wp\/v2\/pages\/397\/revisions\/454"}],"wp:attachment":[{"href":"https:\/\/potentiale.cvjm-sn.de\/index.php?rest_route=%2Fwp%2Fv2%2Fmedia&parent=397"}],"curies":[{"name":"wp","href":"https:\/\/api.w.org\/{rel}","templated":true}]}}