{"id":402,"date":"2020-01-11T18:30:08","date_gmt":"2020-01-11T18:30:08","guid":{"rendered":"https:\/\/potentiale.cvjm-sn.de\/?page_id=402"},"modified":"2020-01-11T18:44:53","modified_gmt":"2020-01-11T18:44:53","slug":"familienclub","status":"publish","type":"page","link":"https:\/\/potentiale.cvjm-sn.de\/?page_id=402","title":{"rendered":"Familienclub"},"content":{"rendered":"<p><strong>f\u00fcr Eltern mit Kindern im Vorschulalter<\/strong><\/p>\n<h1>Familienclub<\/h1>\n<p>CVJM-Kidstreff<br \/>\nKeilbergring 20<br \/>\n08289 Schneeberg<br \/>\n<a href=\"https:\/\/www.google.com\/maps\/dir\/\/Keilbergring+20,+08289+Schneeberg\/@50.6069399,12.6286626,16z\/data=!4m8!4m7!1m0!1m5!1m1!1s0x47a0cb901b454b5f:0x883411f5d803f72e!2m2!1d12.63304!2d50.60694\" target=\"_blank\" rel=\"noopener\">Karte<\/a><\/p>\n<ul>\n<li>Austausch \u00fcber Erziehung, Ern\u00e4hrung, Hobbys<\/li>\n<li>F\u00f6rderung des kulturellen Miteinanders<\/li>\n<li>Begleitung, Moderation und Impulsgebung<\/li>\n<li>Anlaufstelle f\u00fcr Eltern sein<\/li>\n<li>M\u00f6glichkeit, etwas gemeinsam zu machen z.B. Kochen, Basteln, Spielen<\/li>\n<\/ul>\n<hr \/>\n<p><strong>Anmeldungen:<\/strong><\/p>\n<p>&gt;&gt;\u00a0<a href=\"https:\/\/potentiale.cvjm-sn.de\/?page_id=17#anmeldung\">Anmeldeformular<\/a><\/p>\n<p>&gt;&gt; <a href=\"https:\/\/potentiale.cvjm-sn.de\/?page_id=17#kmobiltelefon\">telefonische Anmeldungen<\/a><\/p>\n<hr \/>\n<p>&gt;&gt; <a href=\"https:\/\/termine.cvjm-sn.de\/?mcs=Familienclub\" target=\"_blank\" rel=\"noopener\">Termine<\/a><\/p>\n<hr \/>\n<p>&gt;&gt; <a href=\"https:\/\/potentiale.cvjm-sn.de\/?p=361\">Bildbericht \/ Familenclub<\/a><\/p>\n<hr \/>\n<p><a href=\"https:\/\/potentiale.cvjm-sn.de\/?page_id=15\">&lt;&lt; zur Kurs-\u00dcbersicht<\/a><\/p>\n","protected":false},"excerpt":{"rendered":"<p>f\u00fcr Eltern mit Kindern im Vorschulalter Familienclub CVJM-Kidstreff Keilbergring 20 08289 Schneeberg Karte Austausch \u00fcber Erziehung, Ern\u00e4hrung, Hobbys F\u00f6rderung des kulturellen Miteinanders Begleitung, Moderation und Impulsgebung Anlaufstelle f\u00fcr Eltern sein M\u00f6glichkeit, etwas gemeinsam zu machen z.B. Kochen, Basteln, Spielen Anmeldungen: &gt;&gt;\u00a0Anmeldeformular &gt;&gt; telefonische Anmeldungen &gt;&gt; Termine &gt;&gt; Bildbericht \/ Familenclub &lt;&lt; zur Kurs-\u00dcbersicht<\/p>\n","protected":false},"author":14,"featured_media":0,"parent":0,"menu_order":0,"comment_status":"closed","ping_status":"closed","template":"","meta":{"footnotes":""},"class_list":["post-402","page","type-page","status-publish","hentry","gallery-content-unit"],"_links":{"self":[{"href":"https:\/\/potentiale.cvjm-sn.de\/index.php?rest_route=\/wp\/v2\/pages\/402","targetHints":{"allow":["GET"]}}],"collection":[{"href":"https:\/\/potentiale.cvjm-sn.de\/index.php?rest_route=\/wp\/v2\/pages"}],"about":[{"href":"https:\/\/potentiale.cvjm-sn.de\/index.php?rest_route=\/wp\/v2\/types\/page"}],"author":[{"embeddable":true,"href":"https:\/\/potentiale.cvjm-sn.de\/index.php?rest_route=\/wp\/v2\/users\/14"}],"replies":[{"embeddable":true,"href":"https:\/\/potentiale.cvjm-sn.de\/index.php?rest_route=%2Fwp%2Fv2%2Fcomments&post=402"}],"version-history":[{"count":3,"href":"https:\/\/potentiale.cvjm-sn.de\/index.php?rest_route=\/wp\/v2\/pages\/402\/revisions"}],"predecessor-version":[{"id":436,"href":"https:\/\/potentiale.cvjm-sn.de\/index.php?rest_route=\/wp\/v2\/pages\/402\/revisions\/436"}],"wp:attachment":[{"href":"https:\/\/potentiale.cvjm-sn.de\/index.php?rest_route=%2Fwp%2Fv2%2Fmedia&parent=402"}],"curies":[{"name":"wp","href":"https:\/\/api.w.org\/{rel}","templated":true}]}}