{"id":407,"date":"2020-01-11T18:31:09","date_gmt":"2020-01-11T18:31:09","guid":{"rendered":"https:\/\/potentiale.cvjm-sn.de\/?page_id=407"},"modified":"2020-01-11T18:42:29","modified_gmt":"2020-01-11T18:42:29","slug":"kraeuterdetektive","status":"publish","type":"page","link":"https:\/\/potentiale.cvjm-sn.de\/?page_id=407","title":{"rendered":"Kr\u00e4uterdetektive"},"content":{"rendered":"<p>Mit dem Bollerwagen in die Natur, Herstellen von leckeren Speisen, die man nur in der Natur findet.\u00a0Ein Kurs mit Kr\u00e4uterp\u00e4dagogin <strong>Sylvia Kunz<\/strong>.<\/p>\n<p>Treffpunkt:<br \/>\nKidstreff<br \/>\nKeilbergring 20<br \/>\n08289 Schneeberg<br \/>\n<a href=\"https:\/\/www.google.com\/maps\/dir\/\/Keilbergring+20,+08289+Schneeberg\/@50.6069399,12.6286626,16z\/data=!4m8!4m7!1m0!1m5!1m1!1s0x47a0cb901b454b5f:0x883411f5d803f72e!2m2!1d12.63304!2d50.60694\" target=\"_blank\" rel=\"noopener\">Karte<\/a><\/p>\n<p><strong>Ein Angebot f\u00fcr junge Familien und f\u00fcr Kinder mit oder ohne Eltern<\/strong><\/p>\n<ul>\n<li>sich selbst im Umgang mit der Natur erleben<\/li>\n<li>Spielm\u00f6glichkeiten ohne vorgegebenes Spielzeug neu bzw. wiederentdecken<\/li>\n<li>Wahrnehmen und Erleben der Jahreszeiten, Verhalten gegen\u00fcber Tieren und Pflanzen,<\/li>\n<li>Umgang mit Nahrungsmitteln, Abf\u00e4llen, Umweltschutz<\/li>\n<li>den Wald erleben, Spuren anderer Lebewesen sehen und deuten lernen<\/li>\n<li>junge Familien erleben Gemeinschaft in ihrer unmittelbaren Umgebung<\/li>\n<li>lernen, was Wald und Feld an Kostbarkeiten zu bieten hat \u2013 an Deko, Schmackhaftem, Duftenden, Gesunden, Sch\u00f6nem<\/li>\n<\/ul>\n<hr \/>\n<p><strong>Anmeldungen<\/strong> k\u00f6nnen jederzeit gerne <a href=\"https:\/\/potentiale.cvjm-sn.de\/?page_id=17#anmeldung\">hier<\/a> vorgenommen werden.<\/p>\n<p>&gt;&gt; <a href=\"https:\/\/potentiale.cvjm-sn.de\/?page_id=17#kmobiltelefon\">telefonische Anmeldungen<\/a><\/p>\n<p>(Der Einstieg jederzeit m\u00f6glich. Um vorherige Anmeldung wird dringend gebeten.)<\/p>\n<hr \/>\n<p><a href=\"https:\/\/potentiale.cvjm-sn.de\/?page_id=15\">&lt;&lt; zur Kurs-\u00dcbersicht<\/a><\/p>\n","protected":false},"excerpt":{"rendered":"<p>Mit dem Bollerwagen in die Natur, Herstellen von leckeren Speisen, die man nur in der Natur findet.\u00a0Ein Kurs mit Kr\u00e4uterp\u00e4dagogin Sylvia Kunz. Treffpunkt: Kidstreff Keilbergring 20 08289 Schneeberg Karte Ein Angebot f\u00fcr junge Familien und f\u00fcr Kinder mit oder ohne Eltern sich selbst im Umgang mit der Natur erleben Spielm\u00f6glichkeiten ohne vorgegebenes Spielzeug neu bzw. [&hellip;]<\/p>\n","protected":false},"author":14,"featured_media":0,"parent":0,"menu_order":0,"comment_status":"closed","ping_status":"closed","template":"","meta":{"footnotes":""},"class_list":["post-407","page","type-page","status-publish","hentry","gallery-content-unit"],"_links":{"self":[{"href":"https:\/\/potentiale.cvjm-sn.de\/index.php?rest_route=\/wp\/v2\/pages\/407","targetHints":{"allow":["GET"]}}],"collection":[{"href":"https:\/\/potentiale.cvjm-sn.de\/index.php?rest_route=\/wp\/v2\/pages"}],"about":[{"href":"https:\/\/potentiale.cvjm-sn.de\/index.php?rest_route=\/wp\/v2\/types\/page"}],"author":[{"embeddable":true,"href":"https:\/\/potentiale.cvjm-sn.de\/index.php?rest_route=\/wp\/v2\/users\/14"}],"replies":[{"embeddable":true,"href":"https:\/\/potentiale.cvjm-sn.de\/index.php?rest_route=%2Fwp%2Fv2%2Fcomments&post=407"}],"version-history":[{"count":2,"href":"https:\/\/potentiale.cvjm-sn.de\/index.php?rest_route=\/wp\/v2\/pages\/407\/revisions"}],"predecessor-version":[{"id":430,"href":"https:\/\/potentiale.cvjm-sn.de\/index.php?rest_route=\/wp\/v2\/pages\/407\/revisions\/430"}],"wp:attachment":[{"href":"https:\/\/potentiale.cvjm-sn.de\/index.php?rest_route=%2Fwp%2Fv2%2Fmedia&parent=407"}],"curies":[{"name":"wp","href":"https:\/\/api.w.org\/{rel}","templated":true}]}}