{"id":412,"date":"2020-01-11T18:31:57","date_gmt":"2020-01-11T18:31:57","guid":{"rendered":"https:\/\/potentiale.cvjm-sn.de\/?page_id=412"},"modified":"2020-01-11T18:43:01","modified_gmt":"2020-01-11T18:43:01","slug":"mobile-werkstatt","status":"publish","type":"page","link":"https:\/\/potentiale.cvjm-sn.de\/?page_id=412","title":{"rendered":"Mobile Werkstatt"},"content":{"rendered":"<p>mit<strong> Immanuel Heinz<\/strong><\/p>\n<ul>\n<li>Verbesserung der Feinmotorik<\/li>\n<li>Entwicklung von Ausdauer und K\u00f6nnen<\/li>\n<li>Kenntnisse vermitteln zum Arbeitsfeld und der Arbeit an sich<\/li>\n<li>Interesse f\u00fcr handwerkliche Berufe entwickeln<\/li>\n<li>Gemeinschaftsgef\u00fchl entwickeln<\/li>\n<li>Technisches Verst\u00e4ndnis entwickeln<\/li>\n<li>Umgang mit dem Werkstoff Metall erlernen<\/li>\n<li>Physikalische Zusammenh\u00e4nge erkennen<\/li>\n<\/ul>\n<hr \/>\n<p><strong>Anmeldungen<\/strong> k\u00f6nnen jederzeit gerne <a href=\"https:\/\/potentiale.cvjm-sn.de\/?page_id=17#anmeldung\">hier<\/a> vorgenommen werden.<\/p>\n<p>&gt;&gt; <a href=\"https:\/\/potentiale.cvjm-sn.de\/?page_id=17#kmobiltelefon\">telefonische Anmeldungen<\/a><\/p>\n<hr \/>\n<p><a href=\"https:\/\/potentiale.cvjm-sn.de\/?page_id=15\">&lt;&lt; zur Kurs-\u00dcbersicht<\/a><\/p>\n<hr \/>\n","protected":false},"excerpt":{"rendered":"<p>mit Immanuel Heinz Verbesserung der Feinmotorik Entwicklung von Ausdauer und K\u00f6nnen Kenntnisse vermitteln zum Arbeitsfeld und der Arbeit an sich Interesse f\u00fcr handwerkliche Berufe entwickeln Gemeinschaftsgef\u00fchl entwickeln Technisches Verst\u00e4ndnis entwickeln Umgang mit dem Werkstoff Metall erlernen Physikalische Zusammenh\u00e4nge erkennen Anmeldungen k\u00f6nnen jederzeit gerne hier vorgenommen werden. &gt;&gt; telefonische Anmeldungen &lt;&lt; zur Kurs-\u00dcbersicht<\/p>\n","protected":false},"author":14,"featured_media":0,"parent":0,"menu_order":0,"comment_status":"closed","ping_status":"closed","template":"","meta":{"footnotes":""},"class_list":["post-412","page","type-page","status-publish","hentry","gallery-content-unit"],"_links":{"self":[{"href":"https:\/\/potentiale.cvjm-sn.de\/index.php?rest_route=\/wp\/v2\/pages\/412","targetHints":{"allow":["GET"]}}],"collection":[{"href":"https:\/\/potentiale.cvjm-sn.de\/index.php?rest_route=\/wp\/v2\/pages"}],"about":[{"href":"https:\/\/potentiale.cvjm-sn.de\/index.php?rest_route=\/wp\/v2\/types\/page"}],"author":[{"embeddable":true,"href":"https:\/\/potentiale.cvjm-sn.de\/index.php?rest_route=\/wp\/v2\/users\/14"}],"replies":[{"embeddable":true,"href":"https:\/\/potentiale.cvjm-sn.de\/index.php?rest_route=%2Fwp%2Fv2%2Fcomments&post=412"}],"version-history":[{"count":2,"href":"https:\/\/potentiale.cvjm-sn.de\/index.php?rest_route=\/wp\/v2\/pages\/412\/revisions"}],"predecessor-version":[{"id":432,"href":"https:\/\/potentiale.cvjm-sn.de\/index.php?rest_route=\/wp\/v2\/pages\/412\/revisions\/432"}],"wp:attachment":[{"href":"https:\/\/potentiale.cvjm-sn.de\/index.php?rest_route=%2Fwp%2Fv2%2Fmedia&parent=412"}],"curies":[{"name":"wp","href":"https:\/\/api.w.org\/{rel}","templated":true}]}}