{"id":415,"date":"2020-01-11T18:32:56","date_gmt":"2020-01-11T18:32:56","guid":{"rendered":"https:\/\/potentiale.cvjm-sn.de\/?page_id=415"},"modified":"2020-01-11T18:43:11","modified_gmt":"2020-01-11T18:43:11","slug":"tanzen","status":"publish","type":"page","link":"https:\/\/potentiale.cvjm-sn.de\/?page_id=415","title":{"rendered":"Tanzen"},"content":{"rendered":"<p>mit<strong> Marie-Louise Schwenke<\/strong><\/p>\n<ul>\n<li>Gef\u00fchl f\u00fcr den eigenen K\u00f6rper entwickeln<\/li>\n<li>Selbstbewusstsein aufbauen<\/li>\n<li>Lernen mit anderen nonverbal zu kommunizieren<\/li>\n<li>Schulung der Motorik<\/li>\n<li>Gesp\u00fcr f\u00fcr Musik und Rhythmus entwickeln<\/li>\n<li>Lernen mittels Musik und Bewegung etwas auszudr\u00fccken<\/li>\n<li>Abbau von Stress<\/li>\n<li>Kreativit\u00e4t anregen<\/li>\n<li>M\u00f6glichkeit \u00fcber sich hinauszuwachsen<\/li>\n<li>Sich \u00fcber Erfolge freuen und das Erlernte auff\u00fchren<\/li>\n<\/ul>\n<hr \/>\n<p><strong>Anmeldungen<\/strong> k\u00f6nnen jederzeit gerne <a href=\"https:\/\/potentiale.cvjm-sn.de\/?page_id=17#anmeldung\">hier<\/a> vorgenommen werden.<\/p>\n<p>&gt;&gt; <a href=\"https:\/\/potentiale.cvjm-sn.de\/?page_id=17#kmobiltelefon\">telefonische Anmeldungen<\/a><\/p>\n<hr \/>\n<p><a href=\"https:\/\/potentiale.cvjm-sn.de\/?page_id=15\">&lt;&lt; zur Kurs-\u00dcbersicht<\/a><\/p>\n<hr \/>\n","protected":false},"excerpt":{"rendered":"<p>mit Marie-Louise Schwenke Gef\u00fchl f\u00fcr den eigenen K\u00f6rper entwickeln Selbstbewusstsein aufbauen Lernen mit anderen nonverbal zu kommunizieren Schulung der Motorik Gesp\u00fcr f\u00fcr Musik und Rhythmus entwickeln Lernen mittels Musik und Bewegung etwas auszudr\u00fccken Abbau von Stress Kreativit\u00e4t anregen M\u00f6glichkeit \u00fcber sich hinauszuwachsen Sich \u00fcber Erfolge freuen und das Erlernte auff\u00fchren Anmeldungen k\u00f6nnen jederzeit gerne hier [&hellip;]<\/p>\n","protected":false},"author":14,"featured_media":0,"parent":0,"menu_order":0,"comment_status":"closed","ping_status":"closed","template":"","meta":{"footnotes":""},"class_list":["post-415","page","type-page","status-publish","hentry","gallery-content-unit"],"_links":{"self":[{"href":"https:\/\/potentiale.cvjm-sn.de\/index.php?rest_route=\/wp\/v2\/pages\/415","targetHints":{"allow":["GET"]}}],"collection":[{"href":"https:\/\/potentiale.cvjm-sn.de\/index.php?rest_route=\/wp\/v2\/pages"}],"about":[{"href":"https:\/\/potentiale.cvjm-sn.de\/index.php?rest_route=\/wp\/v2\/types\/page"}],"author":[{"embeddable":true,"href":"https:\/\/potentiale.cvjm-sn.de\/index.php?rest_route=\/wp\/v2\/users\/14"}],"replies":[{"embeddable":true,"href":"https:\/\/potentiale.cvjm-sn.de\/index.php?rest_route=%2Fwp%2Fv2%2Fcomments&post=415"}],"version-history":[{"count":2,"href":"https:\/\/potentiale.cvjm-sn.de\/index.php?rest_route=\/wp\/v2\/pages\/415\/revisions"}],"predecessor-version":[{"id":433,"href":"https:\/\/potentiale.cvjm-sn.de\/index.php?rest_route=\/wp\/v2\/pages\/415\/revisions\/433"}],"wp:attachment":[{"href":"https:\/\/potentiale.cvjm-sn.de\/index.php?rest_route=%2Fwp%2Fv2%2Fmedia&parent=415"}],"curies":[{"name":"wp","href":"https:\/\/api.w.org\/{rel}","templated":true}]}}