{"id":419,"date":"2020-01-11T18:33:49","date_gmt":"2020-01-11T18:33:49","guid":{"rendered":"https:\/\/potentiale.cvjm-sn.de\/?page_id=419"},"modified":"2020-01-11T18:43:35","modified_gmt":"2020-01-11T18:43:35","slug":"walderlebnistage","status":"publish","type":"page","link":"https:\/\/potentiale.cvjm-sn.de\/?page_id=419","title":{"rendered":"Walderlebnistage"},"content":{"rendered":"<p><b>mit F\u00f6rsterin Sabine Haas<\/b><\/p>\n<p>Es gilt zu lernen:<\/p>\n<ul>\n<li>sich selbst im Umgang mit der Natur erleben<\/li>\n<li>Wahrnehmen und Erleben der Jahreszeiten<\/li>\n<li>Verhalten gegen\u00fcber Tieren und Pflanzen<\/li>\n<li>Umgang mit Nahrungsmitteln, Abf\u00e4llen, Umweltschutz<\/li>\n<li>den Wald erleben, Spuren anderer Lebewesen sehen und deuten lerne<\/li>\n<\/ul>\n<hr \/>\n<p><strong>Anmeldungen<\/strong> k\u00f6nnen jederzeit gerne <a href=\"https:\/\/potentiale.cvjm-sn.de\/?page_id=17#anmeldung\">hier<\/a> vorgenommen werden.<\/p>\n<p>&gt;&gt; <a href=\"https:\/\/potentiale.cvjm-sn.de\/?page_id=17#kmobiltelefon\">telefonische Anmeldungen<\/a><\/p>\n<hr \/>\n<p><a href=\"https:\/\/potentiale.cvjm-sn.de\/?page_id=15\">&lt;&lt; zur Kurs-\u00dcbersicht<\/a><\/p>\n<hr \/>\n<p>&nbsp;<\/p>\n","protected":false},"excerpt":{"rendered":"<p>mit F\u00f6rsterin Sabine Haas Es gilt zu lernen: sich selbst im Umgang mit der Natur erleben Wahrnehmen und Erleben der Jahreszeiten Verhalten gegen\u00fcber Tieren und Pflanzen Umgang mit Nahrungsmitteln, Abf\u00e4llen, Umweltschutz den Wald erleben, Spuren anderer Lebewesen sehen und deuten lerne Anmeldungen k\u00f6nnen jederzeit gerne hier vorgenommen werden. &gt;&gt; telefonische Anmeldungen &lt;&lt; zur Kurs-\u00dcbersicht &nbsp;<\/p>\n","protected":false},"author":14,"featured_media":0,"parent":0,"menu_order":0,"comment_status":"closed","ping_status":"closed","template":"","meta":{"footnotes":""},"class_list":["post-419","page","type-page","status-publish","hentry","gallery-content-unit"],"_links":{"self":[{"href":"https:\/\/potentiale.cvjm-sn.de\/index.php?rest_route=\/wp\/v2\/pages\/419","targetHints":{"allow":["GET"]}}],"collection":[{"href":"https:\/\/potentiale.cvjm-sn.de\/index.php?rest_route=\/wp\/v2\/pages"}],"about":[{"href":"https:\/\/potentiale.cvjm-sn.de\/index.php?rest_route=\/wp\/v2\/types\/page"}],"author":[{"embeddable":true,"href":"https:\/\/potentiale.cvjm-sn.de\/index.php?rest_route=\/wp\/v2\/users\/14"}],"replies":[{"embeddable":true,"href":"https:\/\/potentiale.cvjm-sn.de\/index.php?rest_route=%2Fwp%2Fv2%2Fcomments&post=419"}],"version-history":[{"count":2,"href":"https:\/\/potentiale.cvjm-sn.de\/index.php?rest_route=\/wp\/v2\/pages\/419\/revisions"}],"predecessor-version":[{"id":435,"href":"https:\/\/potentiale.cvjm-sn.de\/index.php?rest_route=\/wp\/v2\/pages\/419\/revisions\/435"}],"wp:attachment":[{"href":"https:\/\/potentiale.cvjm-sn.de\/index.php?rest_route=%2Fwp%2Fv2%2Fmedia&parent=419"}],"curies":[{"name":"wp","href":"https:\/\/api.w.org\/{rel}","templated":true}]}}